{"id":1933,"date":"2023-07-20T16:21:02","date_gmt":"2023-07-20T15:21:02","guid":{"rendered":"https:\/\/www.regenghgroup.com\/terminos-legales\/"},"modified":"2024-01-08T15:34:15","modified_gmt":"2024-01-08T15:34:15","slug":"terminos-legales","status":"publish","type":"page","link":"https:\/\/www.regenghgroup.com\/es\/terminos-legales\/","title":{"rendered":"T\u00e9rminos legales"},"content":{"rendered":"\t\t<div data-elementor-type=\"wp-page\" data-elementor-id=\"1933\" class=\"elementor elementor-1933 elementor-1301\" data-elementor-post-type=\"page\">\n\t\t\t\t\t\t<section class=\"elementor-section elementor-top-section elementor-element elementor-element-5a22d6b0 elementor-section-boxed elementor-section-height-default elementor-section-height-default\" data-id=\"5a22d6b0\" data-element_type=\"section\" data-e-type=\"section\">\n\t\t\t\t\t\t<div class=\"elementor-container elementor-column-gap-default\">\n\t\t\t\t\t<div class=\"elementor-column elementor-col-100 elementor-top-column elementor-element elementor-element-7dd737f6\" data-id=\"7dd737f6\" data-element_type=\"column\" data-e-type=\"column\">\n\t\t\t<div class=\"elementor-widget-wrap elementor-element-populated\">\n\t\t\t\t\t\t<div class=\"elementor-element elementor-element-464e3084 elementor-widget elementor-widget-text-editor\" data-id=\"464e3084\" data-element_type=\"widget\" data-e-type=\"widget\" data-widget_type=\"text-editor.default\">\n\t\t\t\t<div class=\"elementor-widget-container\">\n\t\t\t\t\t\t\t\t\t<p><\/p>\n<header>\n<h1>T\u00e9rminos y condiciones<\/h1>\n<\/header>\n<div>\n<p><strong>1. DATOS DE IDENTIFICACI\u00d3N DE LA EMPRESA<\/strong><\/p>\n<p>De conformidad con el art\u00edculo 10 de la Ley 34\/2002, de 11 de julio, de servicios de la sociedad de la informaci\u00f3n y de comercio electr\u00f3nico, se informa al usuario que el titular de este sitio web es REGEN GOLF AND HEALTH S.L., NIF B56154669, Tel\u00e9fono (+34) 603 56 28 50, correo electr\u00f3nico: info@regenghgroup.com El sitio web https:\/\/www.regenghgroup.com est\u00e1 alojado en:<\/p>\n<p>Nombre: Keliweb<br>Raz\u00f3n social: Keliweb s.r.l. <br>Via Bartolomeo Diaz, 35 87036 Rende (CS)<br>P.IVA 03281320782 \/ REA CS 224153<\/p>\n<p>Correo electr\u00f3nico: <a href=\"mailto:keliweb@kelipec.it\">keliweb@kelipec.it<\/a><\/p>\n<p><strong>2. ASUNTO<\/strong><\/p>\n<p>El presente Acuerdo tiene por objeto regular los T\u00e9rminos y Condiciones aplicables al servicio de reservas a trav\u00e9s del sitio web www.regenghgroup.com (tambi\u00e9n denominado la \u201cPlataforma\u201d), propiedad de REGEN GOLF AND HEALTH S.L., empresa dedicada a la fitness y actividades en Tenerife.<\/p>\n<p><strong>3. USO AUTORIZADO DEL SITIO Y DEL CONTENIDO<\/strong><\/p>\n<p>El usuario puede acceder a este sitio web y a los contenidos y servicios que alberga s\u00f3lo si es mayor de edad y tiene capacidad jur\u00eddica suficiente: si es menor de edad deber\u00e1 contar con el consentimiento de su representante legal o en su defecto deber\u00e1 abandonar inmediatamente este sitio. . El usuario est\u00e1 autorizado a acceder a los contenidos del sitio web siempre que se comprometa estrictamente a un uso correcto de conformidad con los presentes t\u00e9rminos, en particular los derechos de propiedad intelectual e industrial otorgados por la ley que se detallan en el apartado correspondiente de este articulo y para el cual queda expresamente prohibido su uso de forma fraudulenta, con fines il\u00edcitos o comerciales, sin la autorizaci\u00f3n expresa y por escrito del titular. REGEN GOLF AND HEALTH S.L. se reserva el derecho de impedir el acceso a su sitio web y a sus contenidos, en cualquier momento y sin previo aviso, a los usuarios que violen las presentes condiciones. REGEN GOLF AND HEALTH S.L. se reserva el derecho de eliminar o suspender total o parcialmente la informaci\u00f3n de www.regenghgroup.com, de modificar la estructura y contenidos de este sitio web sin previo aviso y de limitar o no permitir el acceso a dicha informaci\u00f3n. . REGEN GOLF AND HEALTH S.L. se reserva el derecho de modificar, de acuerdo con la legislaci\u00f3n vigente, los presentes t\u00e9rminos y condiciones, la pol\u00edtica de privacidad y la pol\u00edtica de cookies de forma unilateral y sin previo aviso, con la \u00fanica obligaci\u00f3n de informar al usuario de los cambios realizados a trav\u00e9s de nuestro sitio web https:\/\/ www.regenghgroup.com<\/p>\n<p><strong>4. PROPIEDAD INTELECTUAL, NORMAS Y PROHIBICIONES<\/strong><\/p>\n<p>REGEN GOLF AND HEALTH S.L. se reserva todos los derechos de propiedad intelectual e industrial derivados de este sitio web, solicitando la autorizaci\u00f3n expresa y por escrito de REGEN GOLF AND HEALTH S.L. para cualquier ejercicio y utilizaci\u00f3n del mismo. Esta reserva de derechos se refiere tanto a los contenidos que pueden incluirse y distribuirse a trav\u00e9s de este sitio web en cualquier formato, como al c\u00f3digo, dise\u00f1o y estructura de navegaci\u00f3n del sitio web. Salvo que se indique lo contrario, REGEN GOLF AND HEALTH S.L. y\/o sus licenciantes poseen los derechos de propiedad intelectual de todo el material de REGEN GOLF AND HEALTH S.L.. Todos los derechos de propiedad intelectual est\u00e1n reservados. Puede ver y\/o imprimir p\u00e1ginas de https:\/\/www.regenghgroup.com para su uso personal sujeto a las restricciones establecidas en estos t\u00e9rminos y condiciones. No debe:<\/p>\n<p>volver a publicar material de https:\/\/www.regenghgroup.com;<\/p>\n<p>vender, alquilar o sublicenciar material de https:\/\/www.regenghgroup.com;<\/p>\n<p>reproducir, duplicar o copiar material de https:\/\/www.regenghgroup.com;<\/p>\n<p>redistribuir el contenido de https:\/\/www.regenghgroup.com (a menos que el contenido haya sido creado espec\u00edficamente para la redistribuci\u00f3n);<\/p>\n<p>difundir contenidos delictivos, violentos, pornogr\u00e1ficos, racistas, xen\u00f3fobos, ofensivos, de apolog\u00eda del terrorismo o, en general, contrarios a la ley o al orden p\u00fablico;<\/p>\n<p>introducir en la red virus inform\u00e1ticos o realizar actuaciones susceptibles de alterar, estropear, interrumpir o generar errores o da\u00f1os en los documentos electr\u00f3nicos, datos o sistemas f\u00edsicos y l\u00f3gicos de REGEN GOLF AND HEALTH S.L. o de terceros, as\u00ed como obstaculizar el acceso de otros usuarios al sitio web y a sus servicios;<\/p>\n<p>manoseadas para acceder a zonas restringidas de REGEN GOLF AND HEALTH S.L. o sistemas inform\u00e1ticos de terceros y, en su caso, extraer informaci\u00f3n;<\/p>\n<p>suplantar la identidad de otro usuario, de administraciones p\u00fablicas o de un tercero;<\/p>\n<p>recoger datos con fines publicitarios y remitir publicidad de cualquier tipo y comunicaciones con fines de venta u otros fines comerciales sin previa solicitud o consentimiento.<\/p>\n<p><strong>5. MARCOS INTERIORES<\/strong><\/p>\n<p>Sin aprobaci\u00f3n previa y autorizaci\u00f3n expresa por escrito, no es posible crear iframes alrededor de nuestras p\u00e1ginas web ni utilizar otras t\u00e9cnicas que de alguna manera alteren la presentaci\u00f3n visual o la apariencia de nuestro sitio web.<\/p>\n<p><strong>6. METOD DE POL\u00cdTICA DE PAGO Y CANCELACI\u00d3N<\/strong><\/p>\n<p>Todos los precios publicados en nuestra web incluyen el IGIC (Impuesto General Indirecto Canario). Los productos deben pagarse mediante tarjeta de d\u00e9bito\/cr\u00e9dito o cuenta PayPal. Nuestro sistema es totalmente confidencial y seguro y los datos proporcionados por los usuarios no pueden ser vistos por terceros. REGEN GOLF AND HEALTH S.L. no guarda datos en relaci\u00f3n con los pagos realizados por sus usuarios. La informaci\u00f3n proporcionada se enviar\u00e1 directamente a la pasarela de pago del banco. Si necesita cancelar una excursi\u00f3n reservada o solicitar un reembolso deber\u00e1 hacerlo enviando un correo electr\u00f3nico a INFO@REGENGHGROUP.COM o llamando al +34 603 56 28 50 con el n\u00famero de reserva, nombre y fecha de la excursi\u00f3n. Las cancelaciones y reembolsos se regir\u00e1n seg\u00fan la siguiente pol\u00edtica de cancelaci\u00f3n. Si cancelas tu reserva:<\/p>\n<p>Hasta 24 horas antes de iniciar la sesi\u00f3n reservada (hora de Tenerife), se te reembolsar\u00e1 el 100% del importe abonado.<\/p>\n<p>Estas condiciones tambi\u00e9n se aplicar\u00e1n a los casos de renuncia o no presentaci\u00f3n. El reembolso correspondiente se realizar\u00e1 en un m\u00e1ximo de 5 d\u00edas h\u00e1biles desde la cancelaci\u00f3n de la sesi\u00f3n con el mismo m\u00e9todo de pago con el que realizaste la reserva y se te avisar\u00e1 mediante e-mail, mensaje de WhatsApp o llamada telef\u00f3nica directa. Una vez realizado el pedido, los reembolsos realizados mediante Tarjeta de D\u00e9bito\/Cr\u00e9dito pueden tardar de 5 a 7 d\u00edas h\u00e1biles en aparecer en la cuenta bancaria y 30 d\u00edas en el caso de algunas tarjetas extranjeras.<\/p>\n<p><strong>7. RESERVA Y CONFIRMACI\u00d3N <\/strong><\/p>\n<p>Para reservar la sesi\u00f3n ofrecida por REGEN GOLF AND HEALTH S.L. es necesario seguir el procedimiento establecido en la plataforma. En particular, es necesario seleccionar la sesi\u00f3n de inter\u00e9s, el horario, etc. Es importante revisar la informaci\u00f3n proporcionada y corregir cualquier error antes de confirmar tu reserva, ya que una vez que hagas clic en el bot\u00f3n de confirmaci\u00f3n no podr\u00e1s cambiar tus datos.<\/p>\n<p>Antes de proceder a la reserva y pago (\u00fanica y exclusivamente para reservas realizadas 48h antes de la fecha de inicio) en el sitio REGEN GOLF AND HEALTH S.L. web, es imprescindible que contactes mediante llamada telef\u00f3nica directa o mediante mensaje de WhatsApp +34 603 56 28 50, para comprobar la disponibilidad real de la sesi\u00f3n en cuesti\u00f3n. Esta indicaci\u00f3n se comunica en el sitio web en la p\u00e1gina de cada producto individual. Si el usuario paga una sesi\u00f3n sin haber comprobado su disponibilidad como se indica, REGEN GOLF AND HEALTH S.L. se reserva el derecho de cancelar la reserva si resulta imposible organizar la actividad seleccionada en la fecha y hora seleccionadas. Si este fuera el caso, REGEN GOLF AND HEALTH S.L. el personal se pondr\u00e1 en contacto en todo caso con el usuario para proponerle una fecha y hora alternativa; <\/p>\n<p><strong>8. VIGENCIA<\/strong><\/p>\n<p>En el caso de que cualquier disposici\u00f3n o parte de la misma de este aviso sea declarada nula, tal circunstancia no afectar\u00e1 la validez del resto.<\/p>\n<p><strong>9. SEGURO<\/strong><\/p>\n<p>Todas las empresas con las que REGEN GOLF AND HEALTH S.L. Las obras est\u00e1n cubiertas por una p\u00f3liza de seguro de Responsabilidad Civil.<\/p>\n<\/div>\n<p><\/p>\t\t\t\t\t\t\t\t<\/div>\n\t\t\t\t<\/div>\n\t\t\t\t\t<\/div>\n\t\t<\/div>\n\t\t\t\t\t<\/div>\n\t\t<\/section>\n\t\t\t\t<\/div>\n\t\t","protected":false},"excerpt":{"rendered":"<p>T\u00e9rminos y condiciones 1. DATOS DE IDENTIFICACI\u00d3N DE LA EMPRESA De conformidad con el art\u00edculo 10 de la Ley 34\/2002, de 11 de julio, de servicios de la sociedad de la informaci\u00f3n y de comercio electr\u00f3nico, se informa al usuario que el titular de este sitio web es REGEN GOLF AND HEALTH S.L., NIF B56154669, [&hellip;]<\/p>\n","protected":false},"author":1,"featured_media":0,"parent":0,"menu_order":0,"comment_status":"closed","ping_status":"open","template":"","meta":{"ocean_post_layout":"","ocean_both_sidebars_style":"","ocean_both_sidebars_content_width":0,"ocean_both_sidebars_sidebars_width":0,"ocean_sidebar":"0","ocean_second_sidebar":"0","ocean_disable_margins":"enable","ocean_add_body_class":"","ocean_shortcode_before_top_bar":"","ocean_shortcode_after_top_bar":"","ocean_shortcode_before_header":"","ocean_shortcode_after_header":"","ocean_has_shortcode":"","ocean_shortcode_after_title":"","ocean_shortcode_before_footer_widgets":"","ocean_shortcode_after_footer_widgets":"","ocean_shortcode_before_footer_bottom":"","ocean_shortcode_after_footer_bottom":"","ocean_display_top_bar":"default","ocean_display_header":"default","ocean_header_style":"","ocean_center_header_left_menu":"0","ocean_custom_header_template":"0","ocean_custom_logo":0,"ocean_custom_retina_logo":0,"ocean_custom_logo_max_width":0,"ocean_custom_logo_tablet_max_width":0,"ocean_custom_logo_mobile_max_width":0,"ocean_custom_logo_max_height":0,"ocean_custom_logo_tablet_max_height":0,"ocean_custom_logo_mobile_max_height":0,"ocean_header_custom_menu":"0","ocean_menu_typo_font_family":"0","ocean_menu_typo_font_subset":"","ocean_menu_typo_font_size":0,"ocean_menu_typo_font_size_tablet":0,"ocean_menu_typo_font_size_mobile":0,"ocean_menu_typo_font_size_unit":"px","ocean_menu_typo_font_weight":"","ocean_menu_typo_font_weight_tablet":"","ocean_menu_typo_font_weight_mobile":"","ocean_menu_typo_transform":"","ocean_menu_typo_transform_tablet":"","ocean_menu_typo_transform_mobile":"","ocean_menu_typo_line_height":0,"ocean_menu_typo_line_height_tablet":0,"ocean_menu_typo_line_height_mobile":0,"ocean_menu_typo_line_height_unit":"","ocean_menu_typo_spacing":0,"ocean_menu_typo_spacing_tablet":0,"ocean_menu_typo_spacing_mobile":0,"ocean_menu_typo_spacing_unit":"","ocean_menu_link_color":"","ocean_menu_link_color_hover":"","ocean_menu_link_color_active":"","ocean_menu_link_background":"","ocean_menu_link_hover_background":"","ocean_menu_link_active_background":"","ocean_menu_social_links_bg":"","ocean_menu_social_hover_links_bg":"","ocean_menu_social_links_color":"","ocean_menu_social_hover_links_color":"","ocean_disable_title":"default","ocean_disable_heading":"default","ocean_post_title":"","ocean_post_subheading":"","ocean_post_title_style":"","ocean_post_title_background_color":"","ocean_post_title_background":0,"ocean_post_title_bg_image_position":"","ocean_post_title_bg_image_attachment":"","ocean_post_title_bg_image_repeat":"","ocean_post_title_bg_image_size":"","ocean_post_title_height":0,"ocean_post_title_bg_overlay":0.5,"ocean_post_title_bg_overlay_color":"","ocean_disable_breadcrumbs":"default","ocean_breadcrumbs_color":"","ocean_breadcrumbs_separator_color":"","ocean_breadcrumbs_links_color":"","ocean_breadcrumbs_links_hover_color":"","ocean_display_footer_widgets":"default","ocean_display_footer_bottom":"default","ocean_custom_footer_template":"1973","footnotes":""},"class_list":["post-1933","page","type-page","status-publish","hentry","entry","owp-thumbs-layout-horizontal","owp-btn-very-big","owp-tabs-layout-horizontal","has-no-thumbnails","has-product-nav"],"yoast_head":"<!-- This site is optimized with the Yoast SEO plugin v27.5 - https:\/\/yoast.com\/product\/yoast-seo-wordpress\/ -->\n<title>T\u00e9rminos legales - Regen Golf &amp; Health<\/title>\n<meta name=\"robots\" content=\"index, follow, max-snippet:-1, max-image-preview:large, max-video-preview:-1\" \/>\n<link rel=\"canonical\" href=\"https:\/\/www.regenghgroup.com\/es\/terminos-legales\/\" \/>\n<meta property=\"og:locale\" content=\"es_ES\" \/>\n<meta property=\"og:type\" content=\"article\" \/>\n<meta property=\"og:title\" content=\"T\u00e9rminos legales - Regen Golf &amp; Health\" \/>\n<meta property=\"og:description\" content=\"T\u00e9rminos y condiciones 1. DATOS DE IDENTIFICACI\u00d3N DE LA EMPRESA De conformidad con el art\u00edculo 10 de la Ley 34\/2002, de 11 de julio, de servicios de la sociedad de la informaci\u00f3n y de comercio electr\u00f3nico, se informa al usuario que el titular de este sitio web es REGEN GOLF AND HEALTH S.L., NIF B56154669, [&hellip;]\" \/>\n<meta property=\"og:url\" content=\"https:\/\/www.regenghgroup.com\/es\/terminos-legales\/\" \/>\n<meta property=\"og:site_name\" content=\"Regen Golf &amp; Health\" \/>\n<meta property=\"article:modified_time\" content=\"2024-01-08T15:34:15+00:00\" \/>\n<meta name=\"twitter:card\" content=\"summary_large_image\" \/>\n<meta name=\"twitter:label1\" content=\"Tiempo de lectura\" \/>\n\t<meta name=\"twitter:data1\" content=\"6 minutos\" \/>\n<script type=\"application\/ld+json\" class=\"yoast-schema-graph\">{\"@context\":\"https:\\\/\\\/schema.org\",\"@graph\":[{\"@type\":\"WebPage\",\"@id\":\"https:\\\/\\\/www.regenghgroup.com\\\/es\\\/terminos-legales\\\/\",\"url\":\"https:\\\/\\\/www.regenghgroup.com\\\/es\\\/terminos-legales\\\/\",\"name\":\"T\u00e9rminos legales - Regen Golf &amp; Health\",\"isPartOf\":{\"@id\":\"https:\\\/\\\/www.regenghgroup.com\\\/es\\\/#website\"},\"datePublished\":\"2023-07-20T15:21:02+00:00\",\"dateModified\":\"2024-01-08T15:34:15+00:00\",\"breadcrumb\":{\"@id\":\"https:\\\/\\\/www.regenghgroup.com\\\/es\\\/terminos-legales\\\/#breadcrumb\"},\"inLanguage\":\"es\",\"potentialAction\":[{\"@type\":\"ReadAction\",\"target\":[\"https:\\\/\\\/www.regenghgroup.com\\\/es\\\/terminos-legales\\\/\"]}]},{\"@type\":\"BreadcrumbList\",\"@id\":\"https:\\\/\\\/www.regenghgroup.com\\\/es\\\/terminos-legales\\\/#breadcrumb\",\"itemListElement\":[{\"@type\":\"ListItem\",\"position\":1,\"name\":\"Home\",\"item\":\"https:\\\/\\\/www.regenghgroup.com\\\/es\\\/\"},{\"@type\":\"ListItem\",\"position\":2,\"name\":\"T\u00e9rminos legales\"}]},{\"@type\":\"WebSite\",\"@id\":\"https:\\\/\\\/www.regenghgroup.com\\\/es\\\/#website\",\"url\":\"https:\\\/\\\/www.regenghgroup.com\\\/es\\\/\",\"name\":\"Regen Golf and Health\",\"description\":\"Personal trainer\",\"potentialAction\":[{\"@type\":\"SearchAction\",\"target\":{\"@type\":\"EntryPoint\",\"urlTemplate\":\"https:\\\/\\\/www.regenghgroup.com\\\/es\\\/?s={search_term_string}\"},\"query-input\":{\"@type\":\"PropertyValueSpecification\",\"valueRequired\":true,\"valueName\":\"search_term_string\"}}],\"inLanguage\":\"es\"}]}<\/script>\n<!-- \/ Yoast SEO plugin. -->","yoast_head_json":{"title":"T\u00e9rminos legales - Regen Golf &amp; Health","robots":{"index":"index","follow":"follow","max-snippet":"max-snippet:-1","max-image-preview":"max-image-preview:large","max-video-preview":"max-video-preview:-1"},"canonical":"https:\/\/www.regenghgroup.com\/es\/terminos-legales\/","og_locale":"es_ES","og_type":"article","og_title":"T\u00e9rminos legales - Regen Golf &amp; Health","og_description":"T\u00e9rminos y condiciones 1. DATOS DE IDENTIFICACI\u00d3N DE LA EMPRESA De conformidad con el art\u00edculo 10 de la Ley 34\/2002, de 11 de julio, de servicios de la sociedad de la informaci\u00f3n y de comercio electr\u00f3nico, se informa al usuario que el titular de este sitio web es REGEN GOLF AND HEALTH S.L., NIF B56154669, [&hellip;]","og_url":"https:\/\/www.regenghgroup.com\/es\/terminos-legales\/","og_site_name":"Regen Golf &amp; Health","article_modified_time":"2024-01-08T15:34:15+00:00","twitter_card":"summary_large_image","twitter_misc":{"Tiempo de lectura":"6 minutos"},"schema":{"@context":"https:\/\/schema.org","@graph":[{"@type":"WebPage","@id":"https:\/\/www.regenghgroup.com\/es\/terminos-legales\/","url":"https:\/\/www.regenghgroup.com\/es\/terminos-legales\/","name":"T\u00e9rminos legales - Regen Golf &amp; Health","isPartOf":{"@id":"https:\/\/www.regenghgroup.com\/es\/#website"},"datePublished":"2023-07-20T15:21:02+00:00","dateModified":"2024-01-08T15:34:15+00:00","breadcrumb":{"@id":"https:\/\/www.regenghgroup.com\/es\/terminos-legales\/#breadcrumb"},"inLanguage":"es","potentialAction":[{"@type":"ReadAction","target":["https:\/\/www.regenghgroup.com\/es\/terminos-legales\/"]}]},{"@type":"BreadcrumbList","@id":"https:\/\/www.regenghgroup.com\/es\/terminos-legales\/#breadcrumb","itemListElement":[{"@type":"ListItem","position":1,"name":"Home","item":"https:\/\/www.regenghgroup.com\/es\/"},{"@type":"ListItem","position":2,"name":"T\u00e9rminos legales"}]},{"@type":"WebSite","@id":"https:\/\/www.regenghgroup.com\/es\/#website","url":"https:\/\/www.regenghgroup.com\/es\/","name":"Regen Golf and Health","description":"Personal trainer","potentialAction":[{"@type":"SearchAction","target":{"@type":"EntryPoint","urlTemplate":"https:\/\/www.regenghgroup.com\/es\/?s={search_term_string}"},"query-input":{"@type":"PropertyValueSpecification","valueRequired":true,"valueName":"search_term_string"}}],"inLanguage":"es"}]}},"_links":{"self":[{"href":"https:\/\/www.regenghgroup.com\/es\/wp-json\/wp\/v2\/pages\/1933","targetHints":{"allow":["GET"]}}],"collection":[{"href":"https:\/\/www.regenghgroup.com\/es\/wp-json\/wp\/v2\/pages"}],"about":[{"href":"https:\/\/www.regenghgroup.com\/es\/wp-json\/wp\/v2\/types\/page"}],"author":[{"embeddable":true,"href":"https:\/\/www.regenghgroup.com\/es\/wp-json\/wp\/v2\/users\/1"}],"replies":[{"embeddable":true,"href":"https:\/\/www.regenghgroup.com\/es\/wp-json\/wp\/v2\/comments?post=1933"}],"version-history":[{"count":3,"href":"https:\/\/www.regenghgroup.com\/es\/wp-json\/wp\/v2\/pages\/1933\/revisions"}],"predecessor-version":[{"id":1936,"href":"https:\/\/www.regenghgroup.com\/es\/wp-json\/wp\/v2\/pages\/1933\/revisions\/1936"}],"wp:attachment":[{"href":"https:\/\/www.regenghgroup.com\/es\/wp-json\/wp\/v2\/media?parent=1933"}],"curies":[{"name":"wp","href":"https:\/\/api.w.org\/{rel}","templated":true}]}}