{"id":2229,"date":"2024-01-10T16:40:33","date_gmt":"2024-01-10T16:40:33","guid":{"rendered":"https:\/\/www.regenghgroup.com\/mantenimiento\/"},"modified":"2024-07-04T11:53:11","modified_gmt":"2024-07-04T10:53:11","slug":"mantenimiento","status":"publish","type":"page","link":"https:\/\/www.regenghgroup.com\/es\/mantenimiento\/","title":{"rendered":"MANTENIMIENTO"},"content":{"rendered":"\t\t<div data-elementor-type=\"wp-post\" data-elementor-id=\"2229\" class=\"elementor elementor-2229 elementor-2224\" data-elementor-post-type=\"page\">\n\t\t\t\t\t\t<section class=\"elementor-section elementor-top-section elementor-element elementor-element-4f912c0e elementor-section-stretched elementor-section-boxed elementor-section-height-default elementor-section-height-default\" data-id=\"4f912c0e\" data-element_type=\"section\" data-e-type=\"section\" data-settings=\"{&quot;stretch_section&quot;:&quot;section-stretched&quot;,&quot;background_background&quot;:&quot;classic&quot;}\">\n\t\t\t\t\t\t<div class=\"elementor-container elementor-column-gap-default\">\n\t\t\t\t\t<div class=\"elementor-column elementor-col-100 elementor-top-column elementor-element elementor-element-1867f9c2\" data-id=\"1867f9c2\" data-element_type=\"column\" data-e-type=\"column\">\n\t\t\t<div class=\"elementor-widget-wrap elementor-element-populated\">\n\t\t\t\t\t\t<div class=\"elementor-element elementor-element-3fcd09a6 elementor-widget elementor-widget-menu-anchor\" data-id=\"3fcd09a6\" data-element_type=\"widget\" data-e-type=\"widget\" data-widget_type=\"menu-anchor.default\">\n\t\t\t\t<div class=\"elementor-widget-container\">\n\t\t\t\t\t\t\t<div class=\"elementor-menu-anchor\" id=\"gratis\"><\/div>\n\t\t\t\t\t\t<\/div>\n\t\t\t\t<\/div>\n\t\t\t\t<div class=\"elementor-element elementor-element-6ebae901 elementor-widget elementor-widget-heading\" data-id=\"6ebae901\" data-element_type=\"widget\" data-e-type=\"widget\" data-widget_type=\"heading.default\">\n\t\t\t\t<div class=\"elementor-widget-container\">\n\t\t\t\t\t<h2 class=\"elementor-heading-title elementor-size-default\">Pru\u00e9belo gratis <\/h2>\t\t\t\t<\/div>\n\t\t\t\t<\/div>\n\t\t\t\t<div class=\"elementor-element elementor-element-3ebb71fb elementor-widget elementor-widget-text-editor\" data-id=\"3ebb71fb\" data-element_type=\"widget\" data-e-type=\"widget\" data-widget_type=\"text-editor.default\">\n\t\t\t\t<div class=\"elementor-widget-container\">\n\t\t\t\t\t\t\t\t\t<p>D\u00e9janos tus datos para inscribirte en nuestra clase de prueba gratuita.<\/p>\n\t\t\t\t\t\t\t\t<\/div>\n\t\t\t\t<\/div>\n\t\t\t\t<div class=\"elementor-element elementor-element-6166e8c4 elementor-invisible elementor-widget elementor-widget-text-editor\" data-id=\"6166e8c4\" data-element_type=\"widget\" data-e-type=\"widget\" data-settings=\"{&quot;_animation&quot;:&quot;fadeIn&quot;,&quot;_animation_delay&quot;:200}\" data-widget_type=\"text-editor.default\">\n\t\t\t\t<div class=\"elementor-widget-container\">\n\t\t\t\t\t\t\t\t\t<p><p class=\"wpcf7-contact-form-not-found\"><strong>Error:<\/strong> Formulario de contacto no encontrado.<\/p><\/p>\t\t\t\t\t\t\t\t<\/div>\n\t\t\t\t<\/div>\n\t\t\t\t\t<\/div>\n\t\t<\/div>\n\t\t\t\t\t<\/div>\n\t\t<\/section>\n\t\t\t\t<section class=\"elementor-section elementor-top-section elementor-element elementor-element-6300f83 elementor-reverse-mobile elementor-section-boxed elementor-section-height-default elementor-section-height-default\" data-id=\"6300f83\" data-element_type=\"section\" data-e-type=\"section\" data-settings=\"{&quot;background_background&quot;:&quot;classic&quot;}\">\n\t\t\t\t\t\t\t<div class=\"elementor-background-overlay\"><\/div>\n\t\t\t\t\t\t\t<div class=\"elementor-container elementor-column-gap-default\">\n\t\t\t\t\t<div class=\"elementor-column elementor-col-50 elementor-top-column elementor-element elementor-element-637f0f1\" data-id=\"637f0f1\" data-element_type=\"column\" data-e-type=\"column\">\n\t\t\t<div class=\"elementor-widget-wrap elementor-element-populated\">\n\t\t\t\t\t\t<div class=\"elementor-element elementor-element-8125c84 elementor-invisible elementor-widget elementor-widget-image\" data-id=\"8125c84\" data-element_type=\"widget\" data-e-type=\"widget\" data-settings=\"{&quot;_animation&quot;:&quot;fadeIn&quot;,&quot;_animation_delay&quot;:100}\" data-widget_type=\"image.default\">\n\t\t\t\t<div class=\"elementor-widget-container\">\n\t\t\t\t\t\t\t\t\t\t\t\t\t\t\t<img fetchpriority=\"high\" decoding=\"async\" width=\"768\" height=\"512\" src=\"https:\/\/www.regenghgroup.com\/wp-content\/uploads\/2023\/10\/DSC04592_mantenimiento-768x512.jpg\" class=\"attachment-medium_large size-medium_large wp-image-1729\" alt=\"\" srcset=\"https:\/\/www.regenghgroup.com\/wp-content\/uploads\/2023\/10\/DSC04592_mantenimiento-768x512.jpg 768w, https:\/\/www.regenghgroup.com\/wp-content\/uploads\/2023\/10\/DSC04592_mantenimiento-300x200.jpg 300w, https:\/\/www.regenghgroup.com\/wp-content\/uploads\/2023\/10\/DSC04592_mantenimiento-600x400.jpg 600w, https:\/\/www.regenghgroup.com\/wp-content\/uploads\/2023\/10\/DSC04592_mantenimiento.jpg 1000w\" sizes=\"(max-width: 768px) 100vw, 768px\" \/>\t\t\t\t\t\t\t\t\t\t\t\t\t\t\t<\/div>\n\t\t\t\t<\/div>\n\t\t\t\t\t<\/div>\n\t\t<\/div>\n\t\t\t\t<div class=\"elementor-column elementor-col-50 elementor-top-column elementor-element elementor-element-d497a78\" data-id=\"d497a78\" data-element_type=\"column\" data-e-type=\"column\">\n\t\t\t<div class=\"elementor-widget-wrap elementor-element-populated\">\n\t\t\t\t\t\t<div class=\"elementor-element elementor-element-98da085 animated-slow elementor-invisible elementor-widget elementor-widget-heading\" data-id=\"98da085\" data-element_type=\"widget\" data-e-type=\"widget\" data-settings=\"{&quot;_animation&quot;:&quot;fadeIn&quot;}\" data-widget_type=\"heading.default\">\n\t\t\t\t<div class=\"elementor-widget-container\">\n\t\t\t\t\t<h2 class=\"elementor-heading-title elementor-size-default\">MANTENIMIENTO<\/h2>\t\t\t\t<\/div>\n\t\t\t\t<\/div>\n\t\t\t\t<div class=\"elementor-element elementor-element-c114e51 animated-slow elementor-invisible elementor-widget elementor-widget-heading\" data-id=\"c114e51\" data-element_type=\"widget\" data-e-type=\"widget\" data-settings=\"{&quot;_animation&quot;:&quot;fadeIn&quot;,&quot;_animation_delay&quot;:150}\" data-widget_type=\"heading.default\">\n\t\t\t\t<div class=\"elementor-widget-container\">\n\t\t\t\t\t<h2 class=\"elementor-heading-title elementor-size-default\">PALABRAS CLAVE:<\/h2>\t\t\t\t<\/div>\n\t\t\t\t<\/div>\n\t\t\t\t<div class=\"elementor-element elementor-element-9e84ae0 animated-slow elementor-invisible elementor-widget elementor-widget-heading\" data-id=\"9e84ae0\" data-element_type=\"widget\" data-e-type=\"widget\" data-settings=\"{&quot;_animation&quot;:&quot;fadeIn&quot;,&quot;_animation_delay&quot;:150}\" data-widget_type=\"heading.default\">\n\t\t\t\t<div class=\"elementor-widget-container\">\n\t\t\t\t\t<h2 class=\"elementor-heading-title elementor-size-default\">MOBILIDAD, FLEXIBILIDAD, MANTENIMIENTO MASA MUSCULAR.<\/h2>\t\t\t\t<\/div>\n\t\t\t\t<\/div>\n\t\t\t\t<div class=\"elementor-element elementor-element-686c61c elementor-invisible elementor-widget elementor-widget-text-editor\" data-id=\"686c61c\" data-element_type=\"widget\" data-e-type=\"widget\" data-settings=\"{&quot;_animation&quot;:&quot;fadeIn&quot;,&quot;_animation_delay&quot;:200}\" data-widget_type=\"text-editor.default\">\n\t\t\t\t<div class=\"elementor-widget-container\">\n\t\t\t\t\t\t\t\t\tTres del aspecto que m\u00e1s se sienten afectados por la degradaci\u00f3n del cuerpo humano desde los 50 a\u00f1os.<br><br>\nPor eso mismo motivo es all\u00e1 donde concentramos nuestros esfuerzos, para ralentizar y parar este dicho desgaste.\n<br><br>Un trabajo rutinario y constante para alcanzar una buena movilidad y flexibilidad y un trabajo variados y para conseguir una buena masa muscular sin pasar por dolores, agujetas, inflamaciones o lesiones cualesquiera ya que nuestro principal lema es entrenar en salud para mejorar la calidad de vida.\nY como por los otros apartados, este tipo de entreno, es confeccionado de forma particular por cada uno de nuestro cliente\t\t\t\t\t\t\t\t<\/div>\n\t\t\t\t<\/div>\n\t\t\t\t\t<\/div>\n\t\t<\/div>\n\t\t\t\t\t<\/div>\n\t\t<\/section>\n\t\t\t\t<section class=\"elementor-section elementor-top-section elementor-element elementor-element-aaf1cb4 elementor-section-boxed elementor-section-height-default elementor-section-height-default\" data-id=\"aaf1cb4\" data-element_type=\"section\" data-e-type=\"section\" data-settings=\"{&quot;background_background&quot;:&quot;classic&quot;,&quot;shape_divider_top&quot;:&quot;tilt&quot;,&quot;shape_divider_bottom&quot;:&quot;tilt&quot;}\">\n\t\t\t\t\t\t\t<div class=\"elementor-background-overlay\"><\/div>\n\t\t\t\t\t\t<div class=\"elementor-shape elementor-shape-top\" aria-hidden=\"true\" data-negative=\"false\">\n\t\t\t<svg xmlns=\"http:\/\/www.w3.org\/2000\/svg\" viewBox=\"0 0 1000 100\" preserveAspectRatio=\"none\">\n\t<path class=\"elementor-shape-fill\" d=\"M0,6V0h1000v100L0,6z\"\/>\n<\/svg>\t\t<\/div>\n\t\t\t\t<div class=\"elementor-shape elementor-shape-bottom\" aria-hidden=\"true\" data-negative=\"false\">\n\t\t\t<svg xmlns=\"http:\/\/www.w3.org\/2000\/svg\" viewBox=\"0 0 1000 100\" preserveAspectRatio=\"none\">\n\t<path class=\"elementor-shape-fill\" d=\"M0,6V0h1000v100L0,6z\"\/>\n<\/svg>\t\t<\/div>\n\t\t\t\t\t<div class=\"elementor-container elementor-column-gap-default\">\n\t\t\t\t\t<div class=\"elementor-column elementor-col-100 elementor-top-column elementor-element elementor-element-72d38c6\" data-id=\"72d38c6\" data-element_type=\"column\" data-e-type=\"column\">\n\t\t\t<div class=\"elementor-widget-wrap elementor-element-populated\">\n\t\t\t\t\t\t<div class=\"elementor-element elementor-element-ce1b61c animated-slow elementor-invisible elementor-widget elementor-widget-heading\" data-id=\"ce1b61c\" data-element_type=\"widget\" data-e-type=\"widget\" data-settings=\"{&quot;_animation&quot;:&quot;fadeIn&quot;}\" data-widget_type=\"heading.default\">\n\t\t\t\t<div class=\"elementor-widget-container\">\n\t\t\t\t\t<h2 class=\"elementor-heading-title elementor-size-default\">Precisi\u00f3n en el entrenamiento personal<\/h2>\t\t\t\t<\/div>\n\t\t\t\t<\/div>\n\t\t\t\t<div class=\"elementor-element elementor-element-1c639f1 animated-slow elementor-invisible elementor-widget elementor-widget-heading\" data-id=\"1c639f1\" data-element_type=\"widget\" data-e-type=\"widget\" data-settings=\"{&quot;_animation&quot;:&quot;fadeIn&quot;}\" data-widget_type=\"heading.default\">\n\t\t\t\t<div class=\"elementor-widget-container\">\n\t\t\t\t\t<h2 class=\"elementor-heading-title elementor-size-default\">Orientaci\u00f3n experta, tecnolog\u00edas avanzadas y atenci\u00f3n meticulosa para obtener resultados \u00f3ptimos<\/h2>\t\t\t\t<\/div>\n\t\t\t\t<\/div>\n\t\t\t\t<section class=\"elementor-section elementor-inner-section elementor-element elementor-element-8ded10b elementor-section-boxed elementor-section-height-default elementor-section-height-default\" data-id=\"8ded10b\" data-element_type=\"section\" data-e-type=\"section\">\n\t\t\t\t\t\t<div class=\"elementor-container elementor-column-gap-default\">\n\t\t\t\t\t<div class=\"elementor-column elementor-col-50 elementor-inner-column elementor-element elementor-element-18daa31\" data-id=\"18daa31\" data-element_type=\"column\" data-e-type=\"column\">\n\t\t\t<div class=\"elementor-widget-wrap elementor-element-populated\">\n\t\t\t\t\t\t<div class=\"elementor-element elementor-element-b3b8824 elementor-widget elementor-widget-image\" data-id=\"b3b8824\" data-element_type=\"widget\" data-e-type=\"widget\" data-settings=\"{&quot;_animation_mobile&quot;:&quot;fadeIn&quot;}\" data-widget_type=\"image.default\">\n\t\t\t\t<div class=\"elementor-widget-container\">\n\t\t\t\t\t\t\t\t\t\t\t\t\t\t\t<img decoding=\"async\" width=\"1024\" height=\"576\" src=\"https:\/\/www.regenghgroup.com\/wp-content\/uploads\/2023\/10\/Snapshot_2-1024x576.jpg\" class=\"attachment-large size-large wp-image-1747\" alt=\"\" srcset=\"https:\/\/www.regenghgroup.com\/wp-content\/uploads\/2023\/10\/Snapshot_2-1024x576.jpg 1024w, https:\/\/www.regenghgroup.com\/wp-content\/uploads\/2023\/10\/Snapshot_2-300x169.jpg 300w, https:\/\/www.regenghgroup.com\/wp-content\/uploads\/2023\/10\/Snapshot_2-768x432.jpg 768w, https:\/\/www.regenghgroup.com\/wp-content\/uploads\/2023\/10\/Snapshot_2-1536x864.jpg 1536w, https:\/\/www.regenghgroup.com\/wp-content\/uploads\/2023\/10\/Snapshot_2-800x450.jpg 800w, https:\/\/www.regenghgroup.com\/wp-content\/uploads\/2023\/10\/Snapshot_2-600x338.jpg 600w, https:\/\/www.regenghgroup.com\/wp-content\/uploads\/2023\/10\/Snapshot_2.jpg 1920w\" sizes=\"(max-width: 1024px) 100vw, 1024px\" \/>\t\t\t\t\t\t\t\t\t\t\t\t\t\t\t<\/div>\n\t\t\t\t<\/div>\n\t\t\t\t\t<\/div>\n\t\t<\/div>\n\t\t\t\t<div class=\"elementor-column elementor-col-50 elementor-inner-column elementor-element elementor-element-36554b3\" data-id=\"36554b3\" data-element_type=\"column\" data-e-type=\"column\">\n\t\t\t<div class=\"elementor-widget-wrap elementor-element-populated\">\n\t\t\t\t\t\t<div class=\"elementor-element elementor-element-36f5456 elementor-invisible elementor-widget elementor-widget-text-editor\" data-id=\"36f5456\" data-element_type=\"widget\" data-e-type=\"widget\" data-settings=\"{&quot;_animation&quot;:&quot;fadeIn&quot;,&quot;_animation_delay&quot;:200}\" data-widget_type=\"text-editor.default\">\n\t\t\t\t<div class=\"elementor-widget-container\">\n\t\t\t\t\t\t\t\t\t<p>En cuanto a otros aspectos, contamos con profesionales (fisioterapeutas, oste\u00f3patas) que nos asesoran para conseguir los resultados esperados, y con las tecnolog\u00edas m\u00e1s avanzadas y avanzadas. <\/p>\n<p>En este caso el entrenamiento personal es m\u00e1s preciso y cuidado, donde cuidar el m\u00e1s m\u00ednimo detalle es fundamental.<\/p>\n\t\t\t\t\t\t\t\t<\/div>\n\t\t\t\t<\/div>\n\t\t\t\t\t<\/div>\n\t\t<\/div>\n\t\t\t\t\t<\/div>\n\t\t<\/section>\n\t\t\t\t\t<\/div>\n\t\t<\/div>\n\t\t\t\t\t<\/div>\n\t\t<\/section>\n\t\t\t\t<\/div>\n\t\t","protected":false},"excerpt":{"rendered":"<p>Pru\u00e9belo gratis D\u00e9janos tus datos para inscribirte en nuestra clase de prueba gratuita. MANTENIMIENTO PALABRAS CLAVE: MOBILIDAD, FLEXIBILIDAD, MANTENIMIENTO MASA MUSCULAR. Tres del aspecto que m\u00e1s se sienten afectados por la degradaci\u00f3n del cuerpo humano desde los 50 a\u00f1os. Por eso mismo motivo es all\u00e1 donde concentramos nuestros esfuerzos, para ralentizar y parar este dicho [&hellip;]<\/p>\n","protected":false},"author":1,"featured_media":1730,"parent":0,"menu_order":0,"comment_status":"closed","ping_status":"closed","template":"","meta":{"ocean_post_layout":"full-screen","ocean_both_sidebars_style":"","ocean_both_sidebars_content_width":0,"ocean_both_sidebars_sidebars_width":0,"ocean_sidebar":"0","ocean_second_sidebar":"0","ocean_disable_margins":"on","ocean_add_body_class":"","ocean_shortcode_before_top_bar":"","ocean_shortcode_after_top_bar":"","ocean_shortcode_before_header":"","ocean_shortcode_after_header":"","ocean_has_shortcode":"","ocean_shortcode_after_title":"","ocean_shortcode_before_footer_widgets":"","ocean_shortcode_after_footer_widgets":"","ocean_shortcode_before_footer_bottom":"","ocean_shortcode_after_footer_bottom":"","ocean_display_top_bar":"default","ocean_display_header":"default","ocean_header_style":"","ocean_center_header_left_menu":"0","ocean_custom_header_template":"0","ocean_custom_logo":0,"ocean_custom_retina_logo":0,"ocean_custom_logo_max_width":0,"ocean_custom_logo_tablet_max_width":0,"ocean_custom_logo_mobile_max_width":0,"ocean_custom_logo_max_height":0,"ocean_custom_logo_tablet_max_height":0,"ocean_custom_logo_mobile_max_height":0,"ocean_header_custom_menu":"0","ocean_menu_typo_font_family":"0","ocean_menu_typo_font_subset":"","ocean_menu_typo_font_size":0,"ocean_menu_typo_font_size_tablet":0,"ocean_menu_typo_font_size_mobile":0,"ocean_menu_typo_font_size_unit":"px","ocean_menu_typo_font_weight":"","ocean_menu_typo_font_weight_tablet":"","ocean_menu_typo_font_weight_mobile":"","ocean_menu_typo_transform":"","ocean_menu_typo_transform_tablet":"","ocean_menu_typo_transform_mobile":"","ocean_menu_typo_line_height":0,"ocean_menu_typo_line_height_tablet":0,"ocean_menu_typo_line_height_mobile":0,"ocean_menu_typo_line_height_unit":"","ocean_menu_typo_spacing":0,"ocean_menu_typo_spacing_tablet":0,"ocean_menu_typo_spacing_mobile":0,"ocean_menu_typo_spacing_unit":"","ocean_menu_link_color":"","ocean_menu_link_color_hover":"","ocean_menu_link_color_active":"","ocean_menu_link_background":"","ocean_menu_link_hover_background":"","ocean_menu_link_active_background":"","ocean_menu_social_links_bg":"","ocean_menu_social_hover_links_bg":"","ocean_menu_social_links_color":"","ocean_menu_social_hover_links_color":"","ocean_disable_title":"on","ocean_disable_heading":"default","ocean_post_title":"","ocean_post_subheading":"","ocean_post_title_style":"","ocean_post_title_background_color":"","ocean_post_title_background":0,"ocean_post_title_bg_image_position":"","ocean_post_title_bg_image_attachment":"","ocean_post_title_bg_image_repeat":"","ocean_post_title_bg_image_size":"","ocean_post_title_height":0,"ocean_post_title_bg_overlay":0.5,"ocean_post_title_bg_overlay_color":"","ocean_disable_breadcrumbs":"default","ocean_breadcrumbs_color":"","ocean_breadcrumbs_separator_color":"","ocean_breadcrumbs_links_color":"","ocean_breadcrumbs_links_hover_color":"","ocean_display_footer_widgets":"on","ocean_display_footer_bottom":"off","ocean_custom_footer_template":"786","footnotes":""},"class_list":["post-2229","page","type-page","status-publish","has-post-thumbnail","hentry","entry","has-media","owp-thumbs-layout-horizontal","owp-btn-very-big","owp-tabs-layout-horizontal","has-no-thumbnails","has-product-nav"],"yoast_head":"<!-- This site is optimized with the Yoast SEO plugin v27.4 - https:\/\/yoast.com\/product\/yoast-seo-wordpress\/ -->\n<title>MANTENIMIENTO - Regen Golf &amp; Health<\/title>\n<meta name=\"robots\" content=\"index, follow, max-snippet:-1, max-image-preview:large, max-video-preview:-1\" \/>\n<link rel=\"canonical\" href=\"https:\/\/www.regenghgroup.com\/es\/mantenimiento\/\" \/>\n<meta property=\"og:locale\" content=\"es_ES\" \/>\n<meta property=\"og:type\" content=\"article\" \/>\n<meta property=\"og:title\" content=\"MANTENIMIENTO - Regen Golf &amp; Health\" \/>\n<meta property=\"og:description\" content=\"Pru\u00e9belo gratis D\u00e9janos tus datos para inscribirte en nuestra clase de prueba gratuita. MANTENIMIENTO PALABRAS CLAVE: MOBILIDAD, FLEXIBILIDAD, MANTENIMIENTO MASA MUSCULAR. Tres del aspecto que m\u00e1s se sienten afectados por la degradaci\u00f3n del cuerpo humano desde los 50 a\u00f1os. Por eso mismo motivo es all\u00e1 donde concentramos nuestros esfuerzos, para ralentizar y parar este dicho [&hellip;]\" \/>\n<meta property=\"og:url\" content=\"https:\/\/www.regenghgroup.com\/es\/mantenimiento\/\" \/>\n<meta property=\"og:site_name\" content=\"Regen Golf &amp; Health\" \/>\n<meta property=\"article:modified_time\" content=\"2024-07-04T10:53:11+00:00\" \/>\n<meta property=\"og:image\" content=\"https:\/\/www.regenghgroup.com\/wp-content\/uploads\/2023\/10\/DSC04592_mantenimiento.jpg\" \/>\n\t<meta property=\"og:image:width\" content=\"1000\" \/>\n\t<meta property=\"og:image:height\" content=\"667\" \/>\n\t<meta property=\"og:image:type\" content=\"image\/jpeg\" \/>\n<meta name=\"twitter:card\" content=\"summary_large_image\" \/>\n<meta name=\"twitter:label1\" content=\"Tiempo de lectura\" \/>\n\t<meta name=\"twitter:data1\" content=\"2 minutos\" \/>\n<script type=\"application\/ld+json\" class=\"yoast-schema-graph\">{\"@context\":\"https:\\\/\\\/schema.org\",\"@graph\":[{\"@type\":\"WebPage\",\"@id\":\"https:\\\/\\\/www.regenghgroup.com\\\/es\\\/mantenimiento\\\/\",\"url\":\"https:\\\/\\\/www.regenghgroup.com\\\/es\\\/mantenimiento\\\/\",\"name\":\"MANTENIMIENTO - Regen Golf &amp; Health\",\"isPartOf\":{\"@id\":\"https:\\\/\\\/www.regenghgroup.com\\\/es\\\/#website\"},\"primaryImageOfPage\":{\"@id\":\"https:\\\/\\\/www.regenghgroup.com\\\/es\\\/mantenimiento\\\/#primaryimage\"},\"image\":{\"@id\":\"https:\\\/\\\/www.regenghgroup.com\\\/es\\\/mantenimiento\\\/#primaryimage\"},\"thumbnailUrl\":\"https:\\\/\\\/www.regenghgroup.com\\\/wp-content\\\/uploads\\\/2023\\\/10\\\/DSC04592_mantenimiento.jpg\",\"datePublished\":\"2024-01-10T16:40:33+00:00\",\"dateModified\":\"2024-07-04T10:53:11+00:00\",\"breadcrumb\":{\"@id\":\"https:\\\/\\\/www.regenghgroup.com\\\/es\\\/mantenimiento\\\/#breadcrumb\"},\"inLanguage\":\"es\",\"potentialAction\":[{\"@type\":\"ReadAction\",\"target\":[\"https:\\\/\\\/www.regenghgroup.com\\\/es\\\/mantenimiento\\\/\"]}]},{\"@type\":\"ImageObject\",\"inLanguage\":\"es\",\"@id\":\"https:\\\/\\\/www.regenghgroup.com\\\/es\\\/mantenimiento\\\/#primaryimage\",\"url\":\"https:\\\/\\\/www.regenghgroup.com\\\/wp-content\\\/uploads\\\/2023\\\/10\\\/DSC04592_mantenimiento.jpg\",\"contentUrl\":\"https:\\\/\\\/www.regenghgroup.com\\\/wp-content\\\/uploads\\\/2023\\\/10\\\/DSC04592_mantenimiento.jpg\",\"width\":1000,\"height\":667},{\"@type\":\"BreadcrumbList\",\"@id\":\"https:\\\/\\\/www.regenghgroup.com\\\/es\\\/mantenimiento\\\/#breadcrumb\",\"itemListElement\":[{\"@type\":\"ListItem\",\"position\":1,\"name\":\"Home\",\"item\":\"https:\\\/\\\/www.regenghgroup.com\\\/es\\\/\"},{\"@type\":\"ListItem\",\"position\":2,\"name\":\"MANTENIMIENTO\"}]},{\"@type\":\"WebSite\",\"@id\":\"https:\\\/\\\/www.regenghgroup.com\\\/es\\\/#website\",\"url\":\"https:\\\/\\\/www.regenghgroup.com\\\/es\\\/\",\"name\":\"Regen Golf and Health\",\"description\":\"Personal trainer\",\"potentialAction\":[{\"@type\":\"SearchAction\",\"target\":{\"@type\":\"EntryPoint\",\"urlTemplate\":\"https:\\\/\\\/www.regenghgroup.com\\\/es\\\/?s={search_term_string}\"},\"query-input\":{\"@type\":\"PropertyValueSpecification\",\"valueRequired\":true,\"valueName\":\"search_term_string\"}}],\"inLanguage\":\"es\"}]}<\/script>\n<!-- \/ Yoast SEO plugin. -->","yoast_head_json":{"title":"MANTENIMIENTO - Regen Golf &amp; Health","robots":{"index":"index","follow":"follow","max-snippet":"max-snippet:-1","max-image-preview":"max-image-preview:large","max-video-preview":"max-video-preview:-1"},"canonical":"https:\/\/www.regenghgroup.com\/es\/mantenimiento\/","og_locale":"es_ES","og_type":"article","og_title":"MANTENIMIENTO - Regen Golf &amp; Health","og_description":"Pru\u00e9belo gratis D\u00e9janos tus datos para inscribirte en nuestra clase de prueba gratuita. MANTENIMIENTO PALABRAS CLAVE: MOBILIDAD, FLEXIBILIDAD, MANTENIMIENTO MASA MUSCULAR. Tres del aspecto que m\u00e1s se sienten afectados por la degradaci\u00f3n del cuerpo humano desde los 50 a\u00f1os. Por eso mismo motivo es all\u00e1 donde concentramos nuestros esfuerzos, para ralentizar y parar este dicho [&hellip;]","og_url":"https:\/\/www.regenghgroup.com\/es\/mantenimiento\/","og_site_name":"Regen Golf &amp; Health","article_modified_time":"2024-07-04T10:53:11+00:00","og_image":[{"width":1000,"height":667,"url":"https:\/\/www.regenghgroup.com\/wp-content\/uploads\/2023\/10\/DSC04592_mantenimiento.jpg","type":"image\/jpeg"}],"twitter_card":"summary_large_image","twitter_misc":{"Tiempo de lectura":"2 minutos"},"schema":{"@context":"https:\/\/schema.org","@graph":[{"@type":"WebPage","@id":"https:\/\/www.regenghgroup.com\/es\/mantenimiento\/","url":"https:\/\/www.regenghgroup.com\/es\/mantenimiento\/","name":"MANTENIMIENTO - Regen Golf &amp; Health","isPartOf":{"@id":"https:\/\/www.regenghgroup.com\/es\/#website"},"primaryImageOfPage":{"@id":"https:\/\/www.regenghgroup.com\/es\/mantenimiento\/#primaryimage"},"image":{"@id":"https:\/\/www.regenghgroup.com\/es\/mantenimiento\/#primaryimage"},"thumbnailUrl":"https:\/\/www.regenghgroup.com\/wp-content\/uploads\/2023\/10\/DSC04592_mantenimiento.jpg","datePublished":"2024-01-10T16:40:33+00:00","dateModified":"2024-07-04T10:53:11+00:00","breadcrumb":{"@id":"https:\/\/www.regenghgroup.com\/es\/mantenimiento\/#breadcrumb"},"inLanguage":"es","potentialAction":[{"@type":"ReadAction","target":["https:\/\/www.regenghgroup.com\/es\/mantenimiento\/"]}]},{"@type":"ImageObject","inLanguage":"es","@id":"https:\/\/www.regenghgroup.com\/es\/mantenimiento\/#primaryimage","url":"https:\/\/www.regenghgroup.com\/wp-content\/uploads\/2023\/10\/DSC04592_mantenimiento.jpg","contentUrl":"https:\/\/www.regenghgroup.com\/wp-content\/uploads\/2023\/10\/DSC04592_mantenimiento.jpg","width":1000,"height":667},{"@type":"BreadcrumbList","@id":"https:\/\/www.regenghgroup.com\/es\/mantenimiento\/#breadcrumb","itemListElement":[{"@type":"ListItem","position":1,"name":"Home","item":"https:\/\/www.regenghgroup.com\/es\/"},{"@type":"ListItem","position":2,"name":"MANTENIMIENTO"}]},{"@type":"WebSite","@id":"https:\/\/www.regenghgroup.com\/es\/#website","url":"https:\/\/www.regenghgroup.com\/es\/","name":"Regen Golf and Health","description":"Personal trainer","potentialAction":[{"@type":"SearchAction","target":{"@type":"EntryPoint","urlTemplate":"https:\/\/www.regenghgroup.com\/es\/?s={search_term_string}"},"query-input":{"@type":"PropertyValueSpecification","valueRequired":true,"valueName":"search_term_string"}}],"inLanguage":"es"}]}},"_links":{"self":[{"href":"https:\/\/www.regenghgroup.com\/es\/wp-json\/wp\/v2\/pages\/2229","targetHints":{"allow":["GET"]}}],"collection":[{"href":"https:\/\/www.regenghgroup.com\/es\/wp-json\/wp\/v2\/pages"}],"about":[{"href":"https:\/\/www.regenghgroup.com\/es\/wp-json\/wp\/v2\/types\/page"}],"author":[{"embeddable":true,"href":"https:\/\/www.regenghgroup.com\/es\/wp-json\/wp\/v2\/users\/1"}],"replies":[{"embeddable":true,"href":"https:\/\/www.regenghgroup.com\/es\/wp-json\/wp\/v2\/comments?post=2229"}],"version-history":[{"count":17,"href":"https:\/\/www.regenghgroup.com\/es\/wp-json\/wp\/v2\/pages\/2229\/revisions"}],"predecessor-version":[{"id":3189,"href":"https:\/\/www.regenghgroup.com\/es\/wp-json\/wp\/v2\/pages\/2229\/revisions\/3189"}],"wp:featuredmedia":[{"embeddable":true,"href":"https:\/\/www.regenghgroup.com\/es\/wp-json\/wp\/v2\/media\/1730"}],"wp:attachment":[{"href":"https:\/\/www.regenghgroup.com\/es\/wp-json\/wp\/v2\/media?parent=2229"}],"curies":[{"name":"wp","href":"https:\/\/api.w.org\/{rel}","templated":true}]}}