{"id":2556,"date":"2024-01-20T16:51:53","date_gmt":"2024-01-20T16:51:53","guid":{"rendered":"https:\/\/www.regenghgroup.com\/quien-somos\/"},"modified":"2024-02-02T11:03:14","modified_gmt":"2024-02-02T11:03:14","slug":"quien-somos","status":"publish","type":"page","link":"https:\/\/www.regenghgroup.com\/es\/quien-somos\/","title":{"rendered":"Qui\u00e9n somos"},"content":{"rendered":"\t\t<div data-elementor-type=\"wp-post\" data-elementor-id=\"2556\" class=\"elementor elementor-2556 elementor-2473\" data-elementor-post-type=\"page\">\n\t\t\t\t\t\t<section class=\"elementor-section elementor-top-section elementor-element elementor-element-f65e022 elementor-section-boxed elementor-section-height-default elementor-section-height-default\" data-id=\"f65e022\" data-element_type=\"section\" data-e-type=\"section\">\n\t\t\t\t\t\t<div class=\"elementor-container elementor-column-gap-default\">\n\t\t\t\t\t<div class=\"elementor-column elementor-col-50 elementor-top-column elementor-element elementor-element-ca03b81\" data-id=\"ca03b81\" data-element_type=\"column\" data-e-type=\"column\">\n\t\t\t<div class=\"elementor-widget-wrap elementor-element-populated\">\n\t\t\t\t\t\t<div class=\"elementor-element elementor-element-481aad2 elementor-widget elementor-widget-heading\" data-id=\"481aad2\" data-element_type=\"widget\" data-e-type=\"widget\" data-widget_type=\"heading.default\">\n\t\t\t\t<div class=\"elementor-widget-container\">\n\t\t\t\t\t<h2 class=\"elementor-heading-title elementor-size-default\">REGENeracion<\/h2>\t\t\t\t<\/div>\n\t\t\t\t<\/div>\n\t\t\t\t<div class=\"elementor-element elementor-element-e85f61a elementor-widget elementor-widget-heading\" data-id=\"e85f61a\" data-element_type=\"widget\" data-e-type=\"widget\" data-widget_type=\"heading.default\">\n\t\t\t\t<div class=\"elementor-widget-container\">\n\t\t\t\t\t<h2 class=\"elementor-heading-title elementor-size-default\">A MI GRAN AMIGO <br>\nY HERMANO METELLO <br>\n(1962\/2022)<\/h2>\t\t\t\t<\/div>\n\t\t\t\t<\/div>\n\t\t\t\t<div class=\"elementor-element elementor-element-6afe144 elementor-widget elementor-widget-image\" data-id=\"6afe144\" data-element_type=\"widget\" data-e-type=\"widget\" data-widget_type=\"image.default\">\n\t\t\t\t<div class=\"elementor-widget-container\">\n\t\t\t\t\t\t\t\t\t\t\t\t\t\t\t<img fetchpriority=\"high\" decoding=\"async\" width=\"300\" height=\"200\" src=\"https:\/\/www.regenghgroup.com\/wp-content\/uploads\/2024\/01\/palla_tramonto-300x200.jpg\" class=\"attachment-medium size-medium wp-image-1874\" alt=\"\" srcset=\"https:\/\/www.regenghgroup.com\/wp-content\/uploads\/2024\/01\/palla_tramonto-300x200.jpg 300w, https:\/\/www.regenghgroup.com\/wp-content\/uploads\/2024\/01\/palla_tramonto-768x512.jpg 768w, https:\/\/www.regenghgroup.com\/wp-content\/uploads\/2024\/01\/palla_tramonto-600x400.jpg 600w, https:\/\/www.regenghgroup.com\/wp-content\/uploads\/2024\/01\/palla_tramonto.jpg 1000w\" sizes=\"(max-width: 300px) 100vw, 300px\" \/>\t\t\t\t\t\t\t\t\t\t\t\t\t\t\t<\/div>\n\t\t\t\t<\/div>\n\t\t\t\t\t<\/div>\n\t\t<\/div>\n\t\t\t\t<div class=\"elementor-column elementor-col-50 elementor-top-column elementor-element elementor-element-dcd8933\" data-id=\"dcd8933\" data-element_type=\"column\" data-e-type=\"column\">\n\t\t\t<div class=\"elementor-widget-wrap elementor-element-populated\">\n\t\t\t\t\t\t<div class=\"elementor-element elementor-element-ab99861 elementor-widget elementor-widget-text-editor\" data-id=\"ab99861\" data-element_type=\"widget\" data-e-type=\"widget\" data-widget_type=\"text-editor.default\">\n\t\t\t\t<div class=\"elementor-widget-container\">\n\t\t\t\t\t\t\t\t\t<p>De la audaz visi\u00f3n de Savino Metello, naci\u00f3 el proyecto Regen en Pav\u00eda (Milan, Italia), innovando el age management en un espacio deportivo avanzado. <br \/>A pesar de su apertura exitosa, la pandemia oblig\u00f3 a cerrar sus puertas. <br \/>Sin embargo, como el ave f\u00e9nix, Regen resurge en Tenerife. <\/p>\n<p>Andrea Sartore , socio y amigo hermano de Metello y Roberto Fiorini, toman las riendas para impulsar el renacimiento del antiguo proyecto encontrando un lugar de ensue\u00f1o donde, con el bueno placito del director de Amarilla golf, Eduardo Tavio se posiciona una vez m\u00e1s, llevando consigo la esperanza de un futuro vibrante y rejuvenecido. <\/p>\n<p>Bajo la direcci\u00f3n de Andrea Sartore y con el aval de un equipo de profesionales se estudian protocolos y planes con objetivos de mejorar sustancialmente la calidad de vida de cada persona que lo necesiten.<\/p>\n\t\t\t\t\t\t\t\t<\/div>\n\t\t\t\t<\/div>\n\t\t\t\t\t<\/div>\n\t\t<\/div>\n\t\t\t\t\t<\/div>\n\t\t<\/section>\n\t\t\t\t<section class=\"elementor-section elementor-top-section elementor-element elementor-element-6300f83 elementor-reverse-mobile elementor-section-boxed elementor-section-height-default elementor-section-height-default\" data-id=\"6300f83\" data-element_type=\"section\" data-e-type=\"section\" data-settings=\"{&quot;background_background&quot;:&quot;classic&quot;}\">\n\t\t\t\t\t\t\t<div class=\"elementor-background-overlay\"><\/div>\n\t\t\t\t\t\t\t<div class=\"elementor-container elementor-column-gap-default\">\n\t\t\t\t\t<div class=\"elementor-column elementor-col-50 elementor-top-column elementor-element elementor-element-d497a78\" data-id=\"d497a78\" data-element_type=\"column\" data-e-type=\"column\">\n\t\t\t<div class=\"elementor-widget-wrap elementor-element-populated\">\n\t\t\t\t\t\t<div class=\"elementor-element elementor-element-352a224 elementor-widget elementor-widget-heading\" data-id=\"352a224\" data-element_type=\"widget\" data-e-type=\"widget\" data-widget_type=\"heading.default\">\n\t\t\t\t<div class=\"elementor-widget-container\">\n\t\t\t\t\t<h2 class=\"elementor-heading-title elementor-size-default\">Andrea Sartore<\/h2>\t\t\t\t<\/div>\n\t\t\t\t<\/div>\n\t\t\t\t<div class=\"elementor-element elementor-element-f55b349 elementor-align-start elementor-icon-list--layout-traditional elementor-list-item-link-full_width elementor-widget elementor-widget-icon-list\" data-id=\"f55b349\" data-element_type=\"widget\" data-e-type=\"widget\" data-widget_type=\"icon-list.default\">\n\t\t\t\t<div class=\"elementor-widget-container\">\n\t\t\t\t\t\t\t<ul class=\"elementor-icon-list-items\">\n\t\t\t\t\t\t\t<li class=\"elementor-icon-list-item\">\n\t\t\t\t\t\t\t\t\t\t\t<span class=\"elementor-icon-list-icon\">\n\t\t\t\t\t\t\t<i aria-hidden=\"true\" class=\"fas fa-check\"><\/i>\t\t\t\t\t\t<\/span>\n\t\t\t\t\t\t\t\t\t\t<span class=\"elementor-icon-list-text\">56 a\u00f1os<\/span>\n\t\t\t\t\t\t\t\t\t<\/li>\n\t\t\t\t\t\t\t\t<li class=\"elementor-icon-list-item\">\n\t\t\t\t\t\t\t\t\t\t\t<span class=\"elementor-icon-list-icon\">\n\t\t\t\t\t\t\t<i aria-hidden=\"true\" class=\"fas fa-check\"><\/i>\t\t\t\t\t\t<\/span>\n\t\t\t\t\t\t\t\t\t\t<span class=\"elementor-icon-list-text\">diplomado ISEF (1987)<\/span>\n\t\t\t\t\t\t\t\t\t<\/li>\n\t\t\t\t\t\t\t\t<li class=\"elementor-icon-list-item\">\n\t\t\t\t\t\t\t\t\t\t\t<span class=\"elementor-icon-list-icon\">\n\t\t\t\t\t\t\t<i aria-hidden=\"true\" class=\"fas fa-check\"><\/i>\t\t\t\t\t\t<\/span>\n\t\t\t\t\t\t\t\t\t\t<span class=\"elementor-icon-list-text\">Master en sociolog\u00eda deportiva (2012)<\/span>\n\t\t\t\t\t\t\t\t\t<\/li>\n\t\t\t\t\t\t\t\t<li class=\"elementor-icon-list-item\">\n\t\t\t\t\t\t\t\t\t\t\t<span class=\"elementor-icon-list-icon\">\n\t\t\t\t\t\t\t<i aria-hidden=\"true\" class=\"fas fa-check\"><\/i>\t\t\t\t\t\t<\/span>\n\t\t\t\t\t\t\t\t\t\t<span class=\"elementor-icon-list-text\">Master mental coaching en actividades relacionadas con el deporte (2014)<\/span>\n\t\t\t\t\t\t\t\t\t<\/li>\n\t\t\t\t\t\t\t\t<li class=\"elementor-icon-list-item\">\n\t\t\t\t\t\t\t\t\t\t\t<span class=\"elementor-icon-list-icon\">\n\t\t\t\t\t\t\t<i aria-hidden=\"true\" class=\"fas fa-check\"><\/i>\t\t\t\t\t\t<\/span>\n\t\t\t\t\t\t\t\t\t\t<span class=\"elementor-icon-list-text\">Curso entrenador y biomec\u00e1nica de HP aplicado a los deportes (2021)<\/span>\n\t\t\t\t\t\t\t\t\t<\/li>\n\t\t\t\t\t\t<\/ul>\n\t\t\t\t\t\t<\/div>\n\t\t\t\t<\/div>\n\t\t\t\t\t<\/div>\n\t\t<\/div>\n\t\t\t\t<div class=\"elementor-column elementor-col-50 elementor-top-column elementor-element elementor-element-637f0f1\" data-id=\"637f0f1\" data-element_type=\"column\" data-e-type=\"column\">\n\t\t\t<div class=\"elementor-widget-wrap elementor-element-populated\">\n\t\t\t\t\t\t<div class=\"elementor-element elementor-element-8125c84 elementor-invisible elementor-widget elementor-widget-image\" data-id=\"8125c84\" data-element_type=\"widget\" data-e-type=\"widget\" data-settings=\"{&quot;_animation&quot;:&quot;fadeIn&quot;,&quot;_animation_delay&quot;:100}\" data-widget_type=\"image.default\">\n\t\t\t\t<div class=\"elementor-widget-container\">\n\t\t\t\t\t\t\t\t\t\t\t\t\t\t\t<img decoding=\"async\" width=\"768\" height=\"512\" src=\"https:\/\/www.regenghgroup.com\/wp-content\/uploads\/2024\/01\/DSC05235_2-768x512.jpg\" class=\"attachment-medium_large size-medium_large wp-image-2478\" alt=\"\" srcset=\"https:\/\/www.regenghgroup.com\/wp-content\/uploads\/2024\/01\/DSC05235_2-768x512.jpg 768w, https:\/\/www.regenghgroup.com\/wp-content\/uploads\/2024\/01\/DSC05235_2-300x200.jpg 300w, https:\/\/www.regenghgroup.com\/wp-content\/uploads\/2024\/01\/DSC05235_2-600x400.jpg 600w, https:\/\/www.regenghgroup.com\/wp-content\/uploads\/2024\/01\/DSC05235_2.jpg 999w\" sizes=\"(max-width: 768px) 100vw, 768px\" \/>\t\t\t\t\t\t\t\t\t\t\t\t\t\t\t<\/div>\n\t\t\t\t<\/div>\n\t\t\t\t\t<\/div>\n\t\t<\/div>\n\t\t\t\t\t<\/div>\n\t\t<\/section>\n\t\t\t\t<\/div>\n\t\t","protected":false},"excerpt":{"rendered":"<p>REGENeracion A MI GRAN AMIGO Y HERMANO METELLO (1962\/2022) De la audaz visi\u00f3n de Savino Metello, naci\u00f3 el proyecto Regen en Pav\u00eda (Milan, Italia), innovando el age management en un espacio deportivo avanzado. A pesar de su apertura exitosa, la pandemia oblig\u00f3 a cerrar sus puertas. Sin embargo, como el ave f\u00e9nix, Regen resurge en [&hellip;]<\/p>\n","protected":false},"author":1,"featured_media":1875,"parent":0,"menu_order":0,"comment_status":"closed","ping_status":"closed","template":"","meta":{"ocean_post_layout":"full-screen","ocean_both_sidebars_style":"","ocean_both_sidebars_content_width":0,"ocean_both_sidebars_sidebars_width":0,"ocean_sidebar":"0","ocean_second_sidebar":"0","ocean_disable_margins":"on","ocean_add_body_class":"","ocean_shortcode_before_top_bar":"","ocean_shortcode_after_top_bar":"","ocean_shortcode_before_header":"","ocean_shortcode_after_header":"","ocean_has_shortcode":"","ocean_shortcode_after_title":"","ocean_shortcode_before_footer_widgets":"","ocean_shortcode_after_footer_widgets":"","ocean_shortcode_before_footer_bottom":"","ocean_shortcode_after_footer_bottom":"","ocean_display_top_bar":"default","ocean_display_header":"default","ocean_header_style":"","ocean_center_header_left_menu":"0","ocean_custom_header_template":"0","ocean_custom_logo":0,"ocean_custom_retina_logo":0,"ocean_custom_logo_max_width":0,"ocean_custom_logo_tablet_max_width":0,"ocean_custom_logo_mobile_max_width":0,"ocean_custom_logo_max_height":0,"ocean_custom_logo_tablet_max_height":0,"ocean_custom_logo_mobile_max_height":0,"ocean_header_custom_menu":"0","ocean_menu_typo_font_family":"0","ocean_menu_typo_font_subset":"","ocean_menu_typo_font_size":0,"ocean_menu_typo_font_size_tablet":0,"ocean_menu_typo_font_size_mobile":0,"ocean_menu_typo_font_size_unit":"px","ocean_menu_typo_font_weight":"","ocean_menu_typo_font_weight_tablet":"","ocean_menu_typo_font_weight_mobile":"","ocean_menu_typo_transform":"","ocean_menu_typo_transform_tablet":"","ocean_menu_typo_transform_mobile":"","ocean_menu_typo_line_height":0,"ocean_menu_typo_line_height_tablet":0,"ocean_menu_typo_line_height_mobile":0,"ocean_menu_typo_line_height_unit":"","ocean_menu_typo_spacing":0,"ocean_menu_typo_spacing_tablet":0,"ocean_menu_typo_spacing_mobile":0,"ocean_menu_typo_spacing_unit":"","ocean_menu_link_color":"","ocean_menu_link_color_hover":"","ocean_menu_link_color_active":"","ocean_menu_link_background":"","ocean_menu_link_hover_background":"","ocean_menu_link_active_background":"","ocean_menu_social_links_bg":"","ocean_menu_social_hover_links_bg":"","ocean_menu_social_links_color":"","ocean_menu_social_hover_links_color":"","ocean_disable_title":"on","ocean_disable_heading":"default","ocean_post_title":"","ocean_post_subheading":"","ocean_post_title_style":"","ocean_post_title_background_color":"","ocean_post_title_background":0,"ocean_post_title_bg_image_position":"","ocean_post_title_bg_image_attachment":"","ocean_post_title_bg_image_repeat":"","ocean_post_title_bg_image_size":"","ocean_post_title_height":0,"ocean_post_title_bg_overlay":0.5,"ocean_post_title_bg_overlay_color":"","ocean_disable_breadcrumbs":"default","ocean_breadcrumbs_color":"","ocean_breadcrumbs_separator_color":"","ocean_breadcrumbs_links_color":"","ocean_breadcrumbs_links_hover_color":"","ocean_display_footer_widgets":"on","ocean_display_footer_bottom":"off","ocean_custom_footer_template":"786","footnotes":""},"class_list":["post-2556","page","type-page","status-publish","has-post-thumbnail","hentry","entry","has-media","owp-thumbs-layout-horizontal","owp-btn-very-big","owp-tabs-layout-horizontal","has-no-thumbnails","has-product-nav"],"yoast_head":"<!-- This site is optimized with the Yoast SEO plugin v27.4 - https:\/\/yoast.com\/product\/yoast-seo-wordpress\/ -->\n<title>Qui\u00e9n somos - Regen Golf &amp; Health<\/title>\n<meta name=\"robots\" content=\"index, follow, max-snippet:-1, max-image-preview:large, max-video-preview:-1\" \/>\n<link rel=\"canonical\" href=\"https:\/\/www.regenghgroup.com\/es\/quien-somos\/\" \/>\n<meta property=\"og:locale\" content=\"es_ES\" \/>\n<meta property=\"og:type\" content=\"article\" \/>\n<meta property=\"og:title\" content=\"Qui\u00e9n somos - Regen Golf &amp; Health\" \/>\n<meta property=\"og:description\" content=\"REGENeracion A MI GRAN AMIGO Y HERMANO METELLO (1962\/2022) De la audaz visi\u00f3n de Savino Metello, naci\u00f3 el proyecto Regen en Pav\u00eda (Milan, Italia), innovando el age management en un espacio deportivo avanzado. A pesar de su apertura exitosa, la pandemia oblig\u00f3 a cerrar sus puertas. Sin embargo, como el ave f\u00e9nix, Regen resurge en [&hellip;]\" \/>\n<meta property=\"og:url\" content=\"https:\/\/www.regenghgroup.com\/es\/quien-somos\/\" \/>\n<meta property=\"og:site_name\" content=\"Regen Golf &amp; Health\" \/>\n<meta property=\"article:modified_time\" content=\"2024-02-02T11:03:14+00:00\" \/>\n<meta property=\"og:image\" content=\"https:\/\/www.regenghgroup.com\/wp-content\/uploads\/2024\/01\/palla_tramonto.jpg\" \/>\n\t<meta property=\"og:image:width\" content=\"1000\" \/>\n\t<meta property=\"og:image:height\" content=\"667\" \/>\n\t<meta property=\"og:image:type\" content=\"image\/jpeg\" \/>\n<meta name=\"twitter:card\" content=\"summary_large_image\" \/>\n<meta name=\"twitter:label1\" content=\"Tiempo de lectura\" \/>\n\t<meta name=\"twitter:data1\" content=\"1 minuto\" \/>\n<script type=\"application\/ld+json\" class=\"yoast-schema-graph\">{\"@context\":\"https:\\\/\\\/schema.org\",\"@graph\":[{\"@type\":\"WebPage\",\"@id\":\"https:\\\/\\\/www.regenghgroup.com\\\/es\\\/quien-somos\\\/\",\"url\":\"https:\\\/\\\/www.regenghgroup.com\\\/es\\\/quien-somos\\\/\",\"name\":\"Qui\u00e9n somos - Regen Golf &amp; Health\",\"isPartOf\":{\"@id\":\"https:\\\/\\\/www.regenghgroup.com\\\/es\\\/#website\"},\"primaryImageOfPage\":{\"@id\":\"https:\\\/\\\/www.regenghgroup.com\\\/es\\\/quien-somos\\\/#primaryimage\"},\"image\":{\"@id\":\"https:\\\/\\\/www.regenghgroup.com\\\/es\\\/quien-somos\\\/#primaryimage\"},\"thumbnailUrl\":\"https:\\\/\\\/www.regenghgroup.com\\\/wp-content\\\/uploads\\\/2024\\\/01\\\/palla_tramonto.jpg\",\"datePublished\":\"2024-01-20T16:51:53+00:00\",\"dateModified\":\"2024-02-02T11:03:14+00:00\",\"breadcrumb\":{\"@id\":\"https:\\\/\\\/www.regenghgroup.com\\\/es\\\/quien-somos\\\/#breadcrumb\"},\"inLanguage\":\"es\",\"potentialAction\":[{\"@type\":\"ReadAction\",\"target\":[\"https:\\\/\\\/www.regenghgroup.com\\\/es\\\/quien-somos\\\/\"]}]},{\"@type\":\"ImageObject\",\"inLanguage\":\"es\",\"@id\":\"https:\\\/\\\/www.regenghgroup.com\\\/es\\\/quien-somos\\\/#primaryimage\",\"url\":\"https:\\\/\\\/www.regenghgroup.com\\\/wp-content\\\/uploads\\\/2024\\\/01\\\/palla_tramonto.jpg\",\"contentUrl\":\"https:\\\/\\\/www.regenghgroup.com\\\/wp-content\\\/uploads\\\/2024\\\/01\\\/palla_tramonto.jpg\",\"width\":1000,\"height\":667},{\"@type\":\"BreadcrumbList\",\"@id\":\"https:\\\/\\\/www.regenghgroup.com\\\/es\\\/quien-somos\\\/#breadcrumb\",\"itemListElement\":[{\"@type\":\"ListItem\",\"position\":1,\"name\":\"Home\",\"item\":\"https:\\\/\\\/www.regenghgroup.com\\\/es\\\/\"},{\"@type\":\"ListItem\",\"position\":2,\"name\":\"Qui\u00e9n somos\"}]},{\"@type\":\"WebSite\",\"@id\":\"https:\\\/\\\/www.regenghgroup.com\\\/es\\\/#website\",\"url\":\"https:\\\/\\\/www.regenghgroup.com\\\/es\\\/\",\"name\":\"Regen Golf and Health\",\"description\":\"Personal trainer\",\"potentialAction\":[{\"@type\":\"SearchAction\",\"target\":{\"@type\":\"EntryPoint\",\"urlTemplate\":\"https:\\\/\\\/www.regenghgroup.com\\\/es\\\/?s={search_term_string}\"},\"query-input\":{\"@type\":\"PropertyValueSpecification\",\"valueRequired\":true,\"valueName\":\"search_term_string\"}}],\"inLanguage\":\"es\"}]}<\/script>\n<!-- \/ Yoast SEO plugin. -->","yoast_head_json":{"title":"Qui\u00e9n somos - Regen Golf &amp; Health","robots":{"index":"index","follow":"follow","max-snippet":"max-snippet:-1","max-image-preview":"max-image-preview:large","max-video-preview":"max-video-preview:-1"},"canonical":"https:\/\/www.regenghgroup.com\/es\/quien-somos\/","og_locale":"es_ES","og_type":"article","og_title":"Qui\u00e9n somos - Regen Golf &amp; Health","og_description":"REGENeracion A MI GRAN AMIGO Y HERMANO METELLO (1962\/2022) De la audaz visi\u00f3n de Savino Metello, naci\u00f3 el proyecto Regen en Pav\u00eda (Milan, Italia), innovando el age management en un espacio deportivo avanzado. A pesar de su apertura exitosa, la pandemia oblig\u00f3 a cerrar sus puertas. Sin embargo, como el ave f\u00e9nix, Regen resurge en [&hellip;]","og_url":"https:\/\/www.regenghgroup.com\/es\/quien-somos\/","og_site_name":"Regen Golf &amp; Health","article_modified_time":"2024-02-02T11:03:14+00:00","og_image":[{"width":1000,"height":667,"url":"https:\/\/www.regenghgroup.com\/wp-content\/uploads\/2024\/01\/palla_tramonto.jpg","type":"image\/jpeg"}],"twitter_card":"summary_large_image","twitter_misc":{"Tiempo de lectura":"1 minuto"},"schema":{"@context":"https:\/\/schema.org","@graph":[{"@type":"WebPage","@id":"https:\/\/www.regenghgroup.com\/es\/quien-somos\/","url":"https:\/\/www.regenghgroup.com\/es\/quien-somos\/","name":"Qui\u00e9n somos - Regen Golf &amp; Health","isPartOf":{"@id":"https:\/\/www.regenghgroup.com\/es\/#website"},"primaryImageOfPage":{"@id":"https:\/\/www.regenghgroup.com\/es\/quien-somos\/#primaryimage"},"image":{"@id":"https:\/\/www.regenghgroup.com\/es\/quien-somos\/#primaryimage"},"thumbnailUrl":"https:\/\/www.regenghgroup.com\/wp-content\/uploads\/2024\/01\/palla_tramonto.jpg","datePublished":"2024-01-20T16:51:53+00:00","dateModified":"2024-02-02T11:03:14+00:00","breadcrumb":{"@id":"https:\/\/www.regenghgroup.com\/es\/quien-somos\/#breadcrumb"},"inLanguage":"es","potentialAction":[{"@type":"ReadAction","target":["https:\/\/www.regenghgroup.com\/es\/quien-somos\/"]}]},{"@type":"ImageObject","inLanguage":"es","@id":"https:\/\/www.regenghgroup.com\/es\/quien-somos\/#primaryimage","url":"https:\/\/www.regenghgroup.com\/wp-content\/uploads\/2024\/01\/palla_tramonto.jpg","contentUrl":"https:\/\/www.regenghgroup.com\/wp-content\/uploads\/2024\/01\/palla_tramonto.jpg","width":1000,"height":667},{"@type":"BreadcrumbList","@id":"https:\/\/www.regenghgroup.com\/es\/quien-somos\/#breadcrumb","itemListElement":[{"@type":"ListItem","position":1,"name":"Home","item":"https:\/\/www.regenghgroup.com\/es\/"},{"@type":"ListItem","position":2,"name":"Qui\u00e9n somos"}]},{"@type":"WebSite","@id":"https:\/\/www.regenghgroup.com\/es\/#website","url":"https:\/\/www.regenghgroup.com\/es\/","name":"Regen Golf and Health","description":"Personal trainer","potentialAction":[{"@type":"SearchAction","target":{"@type":"EntryPoint","urlTemplate":"https:\/\/www.regenghgroup.com\/es\/?s={search_term_string}"},"query-input":{"@type":"PropertyValueSpecification","valueRequired":true,"valueName":"search_term_string"}}],"inLanguage":"es"}]}},"_links":{"self":[{"href":"https:\/\/www.regenghgroup.com\/es\/wp-json\/wp\/v2\/pages\/2556","targetHints":{"allow":["GET"]}}],"collection":[{"href":"https:\/\/www.regenghgroup.com\/es\/wp-json\/wp\/v2\/pages"}],"about":[{"href":"https:\/\/www.regenghgroup.com\/es\/wp-json\/wp\/v2\/types\/page"}],"author":[{"embeddable":true,"href":"https:\/\/www.regenghgroup.com\/es\/wp-json\/wp\/v2\/users\/1"}],"replies":[{"embeddable":true,"href":"https:\/\/www.regenghgroup.com\/es\/wp-json\/wp\/v2\/comments?post=2556"}],"version-history":[{"count":2,"href":"https:\/\/www.regenghgroup.com\/es\/wp-json\/wp\/v2\/pages\/2556\/revisions"}],"predecessor-version":[{"id":2609,"href":"https:\/\/www.regenghgroup.com\/es\/wp-json\/wp\/v2\/pages\/2556\/revisions\/2609"}],"wp:featuredmedia":[{"embeddable":true,"href":"https:\/\/www.regenghgroup.com\/es\/wp-json\/wp\/v2\/media\/1875"}],"wp:attachment":[{"href":"https:\/\/www.regenghgroup.com\/es\/wp-json\/wp\/v2\/media?parent=2556"}],"curies":[{"name":"wp","href":"https:\/\/api.w.org\/{rel}","templated":true}]}}